{"id":642,"date":"2022-10-24T02:05:53","date_gmt":"2022-10-24T02:05:53","guid":{"rendered":"https:\/\/garinmartinez.com\/?post_type=product&#038;p=642"},"modified":"2022-10-24T02:05:53","modified_gmt":"2022-10-24T02:05:53","slug":"aditivos-impermeabilizantes","status":"publish","type":"product","link":"https:\/\/garinmartinez.com\/index.php\/producto\/aditivos-impermeabilizantes\/","title":{"rendered":"Aditivos impermeabilizantes"},"content":{"rendered":"<p>Impermeabilizante para elementos de concreto existentes que soporta presiones hidrost\u00e1ticas severas.<br \/>\nCompuesto en polvo, base cemento, arenas s\u00edlicas seleccionadas de fina granulometr\u00eda y aditivos especiales basados en la nanotecnolog\u00eda.<\/p>\n<p>Gracias a su formulaci\u00f3n, se genera una reacci\u00f3n qu\u00edmica que da lugar a una soluci\u00f3n integral y permanente de impermeabilizaci\u00f3n de elementos de concreto con problemas de filtraci\u00f3n de agua.<\/p>\n","protected":false},"excerpt":{"rendered":"<p>Impermeabilizante para elementos de concreto existentes que soporta presiones hidrost\u00e1ticas severas. <\/p>\n","protected":false},"featured_media":643,"template":"","meta":{"om_disable_all_campaigns":false,"_monsterinsights_skip_tracking":false,"_monsterinsights_sitenote_active":false,"_monsterinsights_sitenote_note":"","_monsterinsights_sitenote_category":0},"product_cat":[33],"product_tag":[107,108],"class_list":["post-642","product","type-product","status-publish","has-post-thumbnail","hentry","product_cat-aditivos","product_tag-aditivos","product_tag-impermeabilizantes"],"aioseo_notices":[],"_links":{"self":[{"href":"https:\/\/garinmartinez.com\/index.php\/wp-json\/wp\/v2\/product\/642","targetHints":{"allow":["GET"]}}],"collection":[{"href":"https:\/\/garinmartinez.com\/index.php\/wp-json\/wp\/v2\/product"}],"about":[{"href":"https:\/\/garinmartinez.com\/index.php\/wp-json\/wp\/v2\/types\/product"}],"wp:featuredmedia":[{"embeddable":true,"href":"https:\/\/garinmartinez.com\/index.php\/wp-json\/wp\/v2\/media\/643"}],"wp:attachment":[{"href":"https:\/\/garinmartinez.com\/index.php\/wp-json\/wp\/v2\/media?parent=642"}],"wp:term":[{"taxonomy":"product_cat","embeddable":true,"href":"https:\/\/garinmartinez.com\/index.php\/wp-json\/wp\/v2\/product_cat?post=642"},{"taxonomy":"product_tag","embeddable":true,"href":"https:\/\/garinmartinez.com\/index.php\/wp-json\/wp\/v2\/product_tag?post=642"}],"curies":[{"name":"wp","href":"https:\/\/api.w.org\/{rel}","templated":true}]}}