{"id":640,"date":"2022-10-24T01:58:07","date_gmt":"2022-10-24T01:58:07","guid":{"rendered":"https:\/\/garinmartinez.com\/?post_type=product&#038;p=640"},"modified":"2022-10-24T01:58:08","modified_gmt":"2022-10-24T01:58:08","slug":"ladrillo","status":"publish","type":"product","link":"https:\/\/garinmartinez.com\/index.php\/producto\/ladrillo\/","title":{"rendered":"Ladrillo"},"content":{"rendered":"<p>El ladrillo es una pieza de arcilla, generalmente rectangular, cocida a m\u00e1s de 1000\u00b0C. Es esa exposici\u00f3n a altas temperaturas durante su fabricaci\u00f3n, la que le proporciona resistencia y facultades aislantes, tanto t\u00e9rmicas como ac\u00fasticas.<\/p>\n","protected":false},"excerpt":{"rendered":"<p>El ladrillo es una pieza de arcilla, generalmente rectangular, cocida a m\u00e1s de 1000\u00b0C.<\/p>\n","protected":false},"featured_media":636,"template":"","meta":{"om_disable_all_campaigns":false,"_monsterinsights_skip_tracking":false,"_monsterinsights_sitenote_active":false,"_monsterinsights_sitenote_note":"","_monsterinsights_sitenote_category":0},"product_cat":[52],"product_tag":[105,102],"class_list":["post-640","product","type-product","status-publish","has-post-thumbnail","hentry","product_cat-tabique","product_tag-ladrillo","product_tag-tabique"],"aioseo_notices":[],"_links":{"self":[{"href":"https:\/\/garinmartinez.com\/index.php\/wp-json\/wp\/v2\/product\/640","targetHints":{"allow":["GET"]}}],"collection":[{"href":"https:\/\/garinmartinez.com\/index.php\/wp-json\/wp\/v2\/product"}],"about":[{"href":"https:\/\/garinmartinez.com\/index.php\/wp-json\/wp\/v2\/types\/product"}],"wp:featuredmedia":[{"embeddable":true,"href":"https:\/\/garinmartinez.com\/index.php\/wp-json\/wp\/v2\/media\/636"}],"wp:attachment":[{"href":"https:\/\/garinmartinez.com\/index.php\/wp-json\/wp\/v2\/media?parent=640"}],"wp:term":[{"taxonomy":"product_cat","embeddable":true,"href":"https:\/\/garinmartinez.com\/index.php\/wp-json\/wp\/v2\/product_cat?post=640"},{"taxonomy":"product_tag","embeddable":true,"href":"https:\/\/garinmartinez.com\/index.php\/wp-json\/wp\/v2\/product_tag?post=640"}],"curies":[{"name":"wp","href":"https:\/\/api.w.org\/{rel}","templated":true}]}}