{"id":634,"date":"2022-10-24T01:56:06","date_gmt":"2022-10-24T01:56:06","guid":{"rendered":"https:\/\/garinmartinez.com\/?post_type=product&#038;p=634"},"modified":"2022-10-24T01:56:06","modified_gmt":"2022-10-24T01:56:06","slug":"tabique-recocido","status":"publish","type":"product","link":"https:\/\/garinmartinez.com\/index.php\/producto\/tabique-recocido\/","title":{"rendered":"Tabique recocido"},"content":{"rendered":"<p>Se obtiene a partir de una pasta de arcillas en forma rectangular obtenidas por moldeo, secado y cocci\u00f3n a altas temperaturas. El tabique rojo recocido es un material s\u00f3lido, es muy ligero por lo que permite que el peso de la construcci\u00f3n sea menor, ideal para segundos pisos.<\/p>\n","protected":false},"excerpt":{"rendered":"<p>Se obtiene a partir de una pasta de arcillas en forma rectangular obtenidas por moldeo.<\/p>\n","protected":false},"featured_media":638,"template":"","meta":{"om_disable_all_campaigns":false,"_monsterinsights_skip_tracking":false,"_monsterinsights_sitenote_active":false,"_monsterinsights_sitenote_note":"","_monsterinsights_sitenote_category":0},"product_cat":[52],"product_tag":[102,103],"class_list":["post-634","product","type-product","status-publish","has-post-thumbnail","hentry","product_cat-tabique","product_tag-tabique","product_tag-tabique-recocido"],"aioseo_notices":[],"_links":{"self":[{"href":"https:\/\/garinmartinez.com\/index.php\/wp-json\/wp\/v2\/product\/634","targetHints":{"allow":["GET"]}}],"collection":[{"href":"https:\/\/garinmartinez.com\/index.php\/wp-json\/wp\/v2\/product"}],"about":[{"href":"https:\/\/garinmartinez.com\/index.php\/wp-json\/wp\/v2\/types\/product"}],"wp:featuredmedia":[{"embeddable":true,"href":"https:\/\/garinmartinez.com\/index.php\/wp-json\/wp\/v2\/media\/638"}],"wp:attachment":[{"href":"https:\/\/garinmartinez.com\/index.php\/wp-json\/wp\/v2\/media?parent=634"}],"wp:term":[{"taxonomy":"product_cat","embeddable":true,"href":"https:\/\/garinmartinez.com\/index.php\/wp-json\/wp\/v2\/product_cat?post=634"},{"taxonomy":"product_tag","embeddable":true,"href":"https:\/\/garinmartinez.com\/index.php\/wp-json\/wp\/v2\/product_tag?post=634"}],"curies":[{"name":"wp","href":"https:\/\/api.w.org\/{rel}","templated":true}]}}