{"id":633,"date":"2022-10-24T01:45:07","date_gmt":"2022-10-24T01:45:07","guid":{"rendered":"https:\/\/garinmartinez.com\/?post_type=product&#038;p=633"},"modified":"2022-10-24T01:45:07","modified_gmt":"2022-10-24T01:45:07","slug":"metal-desplegado","status":"publish","type":"product","link":"https:\/\/garinmartinez.com\/index.php\/producto\/metal-desplegado\/","title":{"rendered":"Metal Desplegado"},"content":{"rendered":"<p>El metal desplegado (tela desplegada) se fabrica con base en l\u00e1mina de acero ranurada y estirada en fr\u00edo con diferentes aberturas. El rollo de tela se recubre con una capa de pintura asf\u00e1ltica que lo protege contra la corrosi\u00f3n.<\/p>\n","protected":false},"excerpt":{"rendered":"<p>El metal desplegado (tela desplegada) se fabrica con base en l\u00e1mina de acero ranurada y estirada en fr\u00edo.<\/p>\n","protected":false},"featured_media":619,"template":"","meta":{"om_disable_all_campaigns":false,"_monsterinsights_skip_tracking":false,"_monsterinsights_sitenote_active":false,"_monsterinsights_sitenote_note":"","_monsterinsights_sitenote_category":0},"product_cat":[26],"product_tag":[93,101],"class_list":["post-633","product","type-product","status-publish","has-post-thumbnail","hentry","product_cat-aceros","product_tag-aceros","product_tag-metal-desplegado"],"aioseo_notices":[],"_links":{"self":[{"href":"https:\/\/garinmartinez.com\/index.php\/wp-json\/wp\/v2\/product\/633","targetHints":{"allow":["GET"]}}],"collection":[{"href":"https:\/\/garinmartinez.com\/index.php\/wp-json\/wp\/v2\/product"}],"about":[{"href":"https:\/\/garinmartinez.com\/index.php\/wp-json\/wp\/v2\/types\/product"}],"wp:featuredmedia":[{"embeddable":true,"href":"https:\/\/garinmartinez.com\/index.php\/wp-json\/wp\/v2\/media\/619"}],"wp:attachment":[{"href":"https:\/\/garinmartinez.com\/index.php\/wp-json\/wp\/v2\/media?parent=633"}],"wp:term":[{"taxonomy":"product_cat","embeddable":true,"href":"https:\/\/garinmartinez.com\/index.php\/wp-json\/wp\/v2\/product_cat?post=633"},{"taxonomy":"product_tag","embeddable":true,"href":"https:\/\/garinmartinez.com\/index.php\/wp-json\/wp\/v2\/product_tag?post=633"}],"curies":[{"name":"wp","href":"https:\/\/api.w.org\/{rel}","templated":true}]}}