{"id":632,"date":"2022-10-24T01:44:04","date_gmt":"2022-10-24T01:44:04","guid":{"rendered":"https:\/\/garinmartinez.com\/?post_type=product&#038;p=632"},"modified":"2022-10-24T01:44:04","modified_gmt":"2022-10-24T01:44:04","slug":"malla-electrosoldada","status":"publish","type":"product","link":"https:\/\/garinmartinez.com\/index.php\/producto\/malla-electrosoldada\/","title":{"rendered":"Malla Electrosoldada"},"content":{"rendered":"<p>Malla formada por varillas de acero laminadas en fr\u00edo y soldadas por el proceso de soldadura por resistencia el\u00e9ctrica que ofrece m\u00faltiples ventajas, tanto por sus propiedades estructurales como por la econom\u00eda obtenida en su utilizaci\u00f3n, adem\u00e1s por la gran variedad de usos que puede darle el arquitecto, ingeniero calculista, auto constructor o maestro alba\u00f1il.<\/p>\n","protected":false},"excerpt":{"rendered":"<p>Malla formada por varillas de acero laminadas en fr\u00edo y soldadas por el proceso de soldadura por resistencia el\u00e9ctrica.<\/p>\n","protected":false},"featured_media":620,"template":"","meta":{"om_disable_all_campaigns":false,"_monsterinsights_skip_tracking":false,"_monsterinsights_sitenote_active":false,"_monsterinsights_sitenote_note":"","_monsterinsights_sitenote_category":0},"product_cat":[26],"product_tag":[93,100],"class_list":["post-632","product","type-product","status-publish","has-post-thumbnail","hentry","product_cat-aceros","product_tag-aceros","product_tag-malla-electrosoldada"],"aioseo_notices":[],"_links":{"self":[{"href":"https:\/\/garinmartinez.com\/index.php\/wp-json\/wp\/v2\/product\/632","targetHints":{"allow":["GET"]}}],"collection":[{"href":"https:\/\/garinmartinez.com\/index.php\/wp-json\/wp\/v2\/product"}],"about":[{"href":"https:\/\/garinmartinez.com\/index.php\/wp-json\/wp\/v2\/types\/product"}],"wp:featuredmedia":[{"embeddable":true,"href":"https:\/\/garinmartinez.com\/index.php\/wp-json\/wp\/v2\/media\/620"}],"wp:attachment":[{"href":"https:\/\/garinmartinez.com\/index.php\/wp-json\/wp\/v2\/media?parent=632"}],"wp:term":[{"taxonomy":"product_cat","embeddable":true,"href":"https:\/\/garinmartinez.com\/index.php\/wp-json\/wp\/v2\/product_cat?post=632"},{"taxonomy":"product_tag","embeddable":true,"href":"https:\/\/garinmartinez.com\/index.php\/wp-json\/wp\/v2\/product_tag?post=632"}],"curies":[{"name":"wp","href":"https:\/\/api.w.org\/{rel}","templated":true}]}}