{"id":630,"date":"2022-10-24T01:42:02","date_gmt":"2022-10-24T01:42:02","guid":{"rendered":"https:\/\/garinmartinez.com\/?post_type=product&#038;p=630"},"modified":"2022-10-24T01:42:02","modified_gmt":"2022-10-24T01:42:02","slug":"alambron","status":"publish","type":"product","link":"https:\/\/garinmartinez.com\/index.php\/producto\/alambron\/","title":{"rendered":"Alambr\u00f3n"},"content":{"rendered":"<p>Alambr\u00f3n de acero 1\/4 al carb\u00f3n sin tratamiento el cual se utiliza en la industria de la construcci\u00f3n para formar figuras de acero de refuerzo. El alambr\u00f3n; resiste la corrosi\u00f3n, es maleable y su acabado es liso y brillante.<\/p>\n","protected":false},"excerpt":{"rendered":"<p>Alambr\u00f3n de acero 1\/4 al carb\u00f3n sin tratamiento el cual se utiliza en la industria de la construcci\u00f3n.<\/p>\n","protected":false},"featured_media":622,"template":"","meta":{"om_disable_all_campaigns":false,"_monsterinsights_skip_tracking":false,"_monsterinsights_sitenote_active":false,"_monsterinsights_sitenote_note":"","_monsterinsights_sitenote_category":0},"product_cat":[26],"product_tag":[93,98],"class_list":["post-630","product","type-product","status-publish","has-post-thumbnail","hentry","product_cat-aceros","product_tag-aceros","product_tag-alambron"],"aioseo_notices":[],"_links":{"self":[{"href":"https:\/\/garinmartinez.com\/index.php\/wp-json\/wp\/v2\/product\/630","targetHints":{"allow":["GET"]}}],"collection":[{"href":"https:\/\/garinmartinez.com\/index.php\/wp-json\/wp\/v2\/product"}],"about":[{"href":"https:\/\/garinmartinez.com\/index.php\/wp-json\/wp\/v2\/types\/product"}],"wp:featuredmedia":[{"embeddable":true,"href":"https:\/\/garinmartinez.com\/index.php\/wp-json\/wp\/v2\/media\/622"}],"wp:attachment":[{"href":"https:\/\/garinmartinez.com\/index.php\/wp-json\/wp\/v2\/media?parent=630"}],"wp:term":[{"taxonomy":"product_cat","embeddable":true,"href":"https:\/\/garinmartinez.com\/index.php\/wp-json\/wp\/v2\/product_cat?post=630"},{"taxonomy":"product_tag","embeddable":true,"href":"https:\/\/garinmartinez.com\/index.php\/wp-json\/wp\/v2\/product_tag?post=630"}],"curies":[{"name":"wp","href":"https:\/\/api.w.org\/{rel}","templated":true}]}}