{"id":617,"date":"2022-10-24T01:23:24","date_gmt":"2022-10-24T01:23:24","guid":{"rendered":"https:\/\/garinmartinez.com\/?post_type=product&#038;p=617"},"modified":"2022-10-24T01:23:25","modified_gmt":"2022-10-24T01:23:25","slug":"tepetate","status":"publish","type":"product","link":"https:\/\/garinmartinez.com\/index.php\/producto\/tepetate\/","title":{"rendered":"Tepetate"},"content":{"rendered":"<p>Utilizado en construcci\u00f3n como material de relleno en la cimentaci\u00f3n y colocaci\u00f3n de pisos, muros y techos; debido a que es muy ligero suele sustituir al tezontle. El costo es bajo, por lo que suele ser uno de los materiales favoritos de los constructores para usarse como agregado.<\/p>\n","protected":false},"excerpt":{"rendered":"<p>Utilizado en construcci\u00f3n como material de relleno en la cimentaci\u00f3n.<\/p>\n","protected":false},"featured_media":613,"template":"","meta":{"om_disable_all_campaigns":false,"_monsterinsights_skip_tracking":false,"_monsterinsights_sitenote_active":false,"_monsterinsights_sitenote_note":"","_monsterinsights_sitenote_category":0},"product_cat":[50],"product_tag":[87,92],"class_list":["post-617","product","type-product","status-publish","has-post-thumbnail","hentry","product_cat-agregados","product_tag-agregados","product_tag-tepetate"],"aioseo_notices":[],"_links":{"self":[{"href":"https:\/\/garinmartinez.com\/index.php\/wp-json\/wp\/v2\/product\/617","targetHints":{"allow":["GET"]}}],"collection":[{"href":"https:\/\/garinmartinez.com\/index.php\/wp-json\/wp\/v2\/product"}],"about":[{"href":"https:\/\/garinmartinez.com\/index.php\/wp-json\/wp\/v2\/types\/product"}],"wp:featuredmedia":[{"embeddable":true,"href":"https:\/\/garinmartinez.com\/index.php\/wp-json\/wp\/v2\/media\/613"}],"wp:attachment":[{"href":"https:\/\/garinmartinez.com\/index.php\/wp-json\/wp\/v2\/media?parent=617"}],"wp:term":[{"taxonomy":"product_cat","embeddable":true,"href":"https:\/\/garinmartinez.com\/index.php\/wp-json\/wp\/v2\/product_cat?post=617"},{"taxonomy":"product_tag","embeddable":true,"href":"https:\/\/garinmartinez.com\/index.php\/wp-json\/wp\/v2\/product_tag?post=617"}],"curies":[{"name":"wp","href":"https:\/\/api.w.org\/{rel}","templated":true}]}}