{"id":616,"date":"2022-10-24T01:22:28","date_gmt":"2022-10-24T01:22:28","guid":{"rendered":"https:\/\/garinmartinez.com\/?post_type=product&#038;p=616"},"modified":"2022-10-24T01:22:28","modified_gmt":"2022-10-24T01:22:28","slug":"tezontle","status":"publish","type":"product","link":"https:\/\/garinmartinez.com\/index.php\/producto\/tezontle\/","title":{"rendered":"Tezontle"},"content":{"rendered":"<p>La arenilla de tezontle es una piedra de origen volc\u00e1nico que normalmente viene en color negro, rojo o pinto. La arenilla de tezontle es una piedra m\u00e1s ligera y por eso su preferencia en algunas aplicaciones de la construcci\u00f3n y la jardiner\u00eda.<\/p>\n","protected":false},"excerpt":{"rendered":"<p>La arenilla de tezontle es una piedra de origen volc\u00e1nico.<\/p>\n","protected":false},"featured_media":612,"template":"","meta":{"om_disable_all_campaigns":false,"_monsterinsights_skip_tracking":false,"_monsterinsights_sitenote_active":false,"_monsterinsights_sitenote_note":"","_monsterinsights_sitenote_category":0},"product_cat":[50],"product_tag":[87,91],"class_list":["post-616","product","type-product","status-publish","has-post-thumbnail","hentry","product_cat-agregados","product_tag-agregados","product_tag-tezontle"],"aioseo_notices":[],"_links":{"self":[{"href":"https:\/\/garinmartinez.com\/index.php\/wp-json\/wp\/v2\/product\/616","targetHints":{"allow":["GET"]}}],"collection":[{"href":"https:\/\/garinmartinez.com\/index.php\/wp-json\/wp\/v2\/product"}],"about":[{"href":"https:\/\/garinmartinez.com\/index.php\/wp-json\/wp\/v2\/types\/product"}],"wp:featuredmedia":[{"embeddable":true,"href":"https:\/\/garinmartinez.com\/index.php\/wp-json\/wp\/v2\/media\/612"}],"wp:attachment":[{"href":"https:\/\/garinmartinez.com\/index.php\/wp-json\/wp\/v2\/media?parent=616"}],"wp:term":[{"taxonomy":"product_cat","embeddable":true,"href":"https:\/\/garinmartinez.com\/index.php\/wp-json\/wp\/v2\/product_cat?post=616"},{"taxonomy":"product_tag","embeddable":true,"href":"https:\/\/garinmartinez.com\/index.php\/wp-json\/wp\/v2\/product_tag?post=616"}],"curies":[{"name":"wp","href":"https:\/\/api.w.org\/{rel}","templated":true}]}}