{"id":615,"date":"2022-10-24T01:21:30","date_gmt":"2022-10-24T01:21:30","guid":{"rendered":"https:\/\/garinmartinez.com\/?post_type=product&#038;p=615"},"modified":"2022-10-24T01:21:30","modified_gmt":"2022-10-24T01:21:30","slug":"hormigon","status":"publish","type":"product","link":"https:\/\/garinmartinez.com\/index.php\/producto\/hormigon\/","title":{"rendered":"Hormig\u00f3n"},"content":{"rendered":"<p>Se utiliza junto a un aglomerante que la mayor\u00eda de las veces es cemento, agua y arena. La principal caracter\u00edstica del hormig\u00f3n o granz\u00f3n es que resiste a los esfuerzos de compresi\u00f3n, y puede ser reforzado si se asocia a armaduras de acero, por lo que se le denomina hormig\u00f3n armado. <\/p>\n","protected":false},"excerpt":{"rendered":"<p>La principal caracter\u00edstica del hormig\u00f3n o granz\u00f3n es que resiste a los esfuerzos de compresi\u00f3n.<\/p>\n","protected":false},"featured_media":611,"template":"","meta":{"om_disable_all_campaigns":false,"_monsterinsights_skip_tracking":false,"_monsterinsights_sitenote_active":false,"_monsterinsights_sitenote_note":"","_monsterinsights_sitenote_category":0},"product_cat":[50],"product_tag":[87,90],"class_list":["post-615","product","type-product","status-publish","has-post-thumbnail","hentry","product_cat-agregados","product_tag-agregados","product_tag-hormigon"],"aioseo_notices":[],"_links":{"self":[{"href":"https:\/\/garinmartinez.com\/index.php\/wp-json\/wp\/v2\/product\/615","targetHints":{"allow":["GET"]}}],"collection":[{"href":"https:\/\/garinmartinez.com\/index.php\/wp-json\/wp\/v2\/product"}],"about":[{"href":"https:\/\/garinmartinez.com\/index.php\/wp-json\/wp\/v2\/types\/product"}],"wp:featuredmedia":[{"embeddable":true,"href":"https:\/\/garinmartinez.com\/index.php\/wp-json\/wp\/v2\/media\/611"}],"wp:attachment":[{"href":"https:\/\/garinmartinez.com\/index.php\/wp-json\/wp\/v2\/media?parent=615"}],"wp:term":[{"taxonomy":"product_cat","embeddable":true,"href":"https:\/\/garinmartinez.com\/index.php\/wp-json\/wp\/v2\/product_cat?post=615"},{"taxonomy":"product_tag","embeddable":true,"href":"https:\/\/garinmartinez.com\/index.php\/wp-json\/wp\/v2\/product_tag?post=615"}],"curies":[{"name":"wp","href":"https:\/\/api.w.org\/{rel}","templated":true}]}}