{"id":608,"date":"2022-10-24T01:19:20","date_gmt":"2022-10-24T01:19:20","guid":{"rendered":"https:\/\/garinmartinez.com\/?post_type=product&#038;p=608"},"modified":"2022-10-24T01:19:21","modified_gmt":"2022-10-24T01:19:21","slug":"arena","status":"publish","type":"product","link":"https:\/\/garinmartinez.com\/index.php\/producto\/arena\/","title":{"rendered":"Arena"},"content":{"rendered":"<p>La arena para construcci\u00f3n es un tipo de agregado fino o \u00e1rido que se utiliza para fabricar hormig\u00f3n, concreto y mortero; se compone de part\u00edculas de rocas trituradas que pueden ser muy peque\u00f1as y finas o un poco m\u00e1s grandes dependiendo del uso para el que sea destinada.<\/p>\n","protected":false},"excerpt":{"rendered":"<p>Agregado fino o \u00e1rido que se utiliza para fabricar hormig\u00f3n<\/p>\n","protected":false},"featured_media":609,"template":"","meta":{"om_disable_all_campaigns":false,"_monsterinsights_skip_tracking":false,"_monsterinsights_sitenote_active":false,"_monsterinsights_sitenote_note":"","_monsterinsights_sitenote_category":0},"product_cat":[50],"product_tag":[87,88],"class_list":["post-608","product","type-product","status-publish","has-post-thumbnail","hentry","product_cat-agregados","product_tag-agregados","product_tag-arena"],"aioseo_notices":[],"_links":{"self":[{"href":"https:\/\/garinmartinez.com\/index.php\/wp-json\/wp\/v2\/product\/608","targetHints":{"allow":["GET"]}}],"collection":[{"href":"https:\/\/garinmartinez.com\/index.php\/wp-json\/wp\/v2\/product"}],"about":[{"href":"https:\/\/garinmartinez.com\/index.php\/wp-json\/wp\/v2\/types\/product"}],"wp:featuredmedia":[{"embeddable":true,"href":"https:\/\/garinmartinez.com\/index.php\/wp-json\/wp\/v2\/media\/609"}],"wp:attachment":[{"href":"https:\/\/garinmartinez.com\/index.php\/wp-json\/wp\/v2\/media?parent=608"}],"wp:term":[{"taxonomy":"product_cat","embeddable":true,"href":"https:\/\/garinmartinez.com\/index.php\/wp-json\/wp\/v2\/product_cat?post=608"},{"taxonomy":"product_tag","embeddable":true,"href":"https:\/\/garinmartinez.com\/index.php\/wp-json\/wp\/v2\/product_tag?post=608"}],"curies":[{"name":"wp","href":"https:\/\/api.w.org\/{rel}","templated":true}]}}