{"id":603,"date":"2022-10-22T00:29:26","date_gmt":"2022-10-22T00:29:26","guid":{"rendered":"https:\/\/garinmartinez.com\/?post_type=product&#038;p=603"},"modified":"2022-10-22T00:29:26","modified_gmt":"2022-10-22T00:29:26","slug":"cal","status":"publish","type":"product","link":"https:\/\/garinmartinez.com\/index.php\/producto\/cal\/","title":{"rendered":"Cal"},"content":{"rendered":"<p>Es utilizado en la industria de la construcci\u00f3n para la elaboraci\u00f3n de mezclas de alba\u00f1iler\u00eda, morteros a base de cal, repellos, acabados finos, acabados gruesos, pegado de block, pegado de ladrillo, pegado de adobe.<\/p>\n","protected":false},"excerpt":{"rendered":"<p>Para la elaboraci\u00f3n de mezclas de alba\u00f1iler\u00eda.<\/p>\n","protected":false},"featured_media":604,"template":"","meta":{"om_disable_all_campaigns":false,"_monsterinsights_skip_tracking":false,"_monsterinsights_sitenote_active":false,"_monsterinsights_sitenote_note":"","_monsterinsights_sitenote_category":0},"product_cat":[44],"product_tag":[85,75],"class_list":["post-603","product","type-product","status-publish","has-post-thumbnail","hentry","product_cat-envasados","product_tag-cal","product_tag-envasados"],"aioseo_notices":[],"_links":{"self":[{"href":"https:\/\/garinmartinez.com\/index.php\/wp-json\/wp\/v2\/product\/603","targetHints":{"allow":["GET"]}}],"collection":[{"href":"https:\/\/garinmartinez.com\/index.php\/wp-json\/wp\/v2\/product"}],"about":[{"href":"https:\/\/garinmartinez.com\/index.php\/wp-json\/wp\/v2\/types\/product"}],"wp:featuredmedia":[{"embeddable":true,"href":"https:\/\/garinmartinez.com\/index.php\/wp-json\/wp\/v2\/media\/604"}],"wp:attachment":[{"href":"https:\/\/garinmartinez.com\/index.php\/wp-json\/wp\/v2\/media?parent=603"}],"wp:term":[{"taxonomy":"product_cat","embeddable":true,"href":"https:\/\/garinmartinez.com\/index.php\/wp-json\/wp\/v2\/product_cat?post=603"},{"taxonomy":"product_tag","embeddable":true,"href":"https:\/\/garinmartinez.com\/index.php\/wp-json\/wp\/v2\/product_tag?post=603"}],"curies":[{"name":"wp","href":"https:\/\/api.w.org\/{rel}","templated":true}]}}