{"id":598,"date":"2022-10-22T00:22:22","date_gmt":"2022-10-22T00:22:22","guid":{"rendered":"https:\/\/garinmartinez.com\/?post_type=product&#038;p=598"},"modified":"2022-10-22T00:22:22","modified_gmt":"2022-10-22T00:22:22","slug":"pega-marmol","status":"publish","type":"product","link":"https:\/\/garinmartinez.com\/index.php\/producto\/pega-marmol\/","title":{"rendered":"Pega Marmol"},"content":{"rendered":"<p>\u00datil en la colocaci\u00f3n de piedras naturales y cer\u00e1micas de media y alta absorci\u00f3n de agua con un tama\u00f1o m\u00e1ximo de 30 x 30 x 1.5 cm. Est\u00e1 hecho de mortero adhesivo de granulometr\u00eda controlada de tama\u00f1o medio y aditivos.<\/p>\n","protected":false},"excerpt":{"rendered":"<p>\u00datil en la colocaci\u00f3n de piedras naturales y cer\u00e1micas.<\/p>\n","protected":false},"featured_media":600,"template":"","meta":{"om_disable_all_campaigns":false,"_monsterinsights_skip_tracking":false,"_monsterinsights_sitenote_active":false,"_monsterinsights_sitenote_note":"","_monsterinsights_sitenote_category":0},"product_cat":[44],"product_tag":[81,75,82],"class_list":["post-598","product","type-product","status-publish","has-post-thumbnail","hentry","product_cat-envasados","product_tag-crest","product_tag-envasados","product_tag-pega-marmol"],"aioseo_notices":[],"_links":{"self":[{"href":"https:\/\/garinmartinez.com\/index.php\/wp-json\/wp\/v2\/product\/598","targetHints":{"allow":["GET"]}}],"collection":[{"href":"https:\/\/garinmartinez.com\/index.php\/wp-json\/wp\/v2\/product"}],"about":[{"href":"https:\/\/garinmartinez.com\/index.php\/wp-json\/wp\/v2\/types\/product"}],"wp:featuredmedia":[{"embeddable":true,"href":"https:\/\/garinmartinez.com\/index.php\/wp-json\/wp\/v2\/media\/600"}],"wp:attachment":[{"href":"https:\/\/garinmartinez.com\/index.php\/wp-json\/wp\/v2\/media?parent=598"}],"wp:term":[{"taxonomy":"product_cat","embeddable":true,"href":"https:\/\/garinmartinez.com\/index.php\/wp-json\/wp\/v2\/product_cat?post=598"},{"taxonomy":"product_tag","embeddable":true,"href":"https:\/\/garinmartinez.com\/index.php\/wp-json\/wp\/v2\/product_tag?post=598"}],"curies":[{"name":"wp","href":"https:\/\/api.w.org\/{rel}","templated":true}]}}