{"id":594,"date":"2022-10-22T00:14:53","date_gmt":"2022-10-22T00:14:53","guid":{"rendered":"https:\/\/garinmartinez.com\/?post_type=product&#038;p=594"},"modified":"2022-10-22T00:16:26","modified_gmt":"2022-10-22T00:16:26","slug":"pega-azulejo","status":"publish","type":"product","link":"https:\/\/garinmartinez.com\/index.php\/producto\/pega-azulejo\/","title":{"rendered":"Pega Azulejo"},"content":{"rendered":"<p>Adhesivo en polvo base cemento Portland que es ideal para instalar pisos y azulejos cer\u00e1micos de alta y media absorci\u00f3n de agua como loseta de cer\u00e1mica, fachaletas y loseta de barro.<\/p>\n","protected":false},"excerpt":{"rendered":"<p>Adhesivo en polvo base cemento Portland<\/p>\n","protected":false},"featured_media":595,"template":"","meta":{"om_disable_all_campaigns":false,"_monsterinsights_skip_tracking":false,"_monsterinsights_sitenote_active":false,"_monsterinsights_sitenote_note":"","_monsterinsights_sitenote_category":0},"product_cat":[44],"product_tag":[81,75,80],"class_list":["post-594","product","type-product","status-publish","has-post-thumbnail","hentry","product_cat-envasados","product_tag-crest","product_tag-envasados","product_tag-pega-azulejo"],"aioseo_notices":[],"_links":{"self":[{"href":"https:\/\/garinmartinez.com\/index.php\/wp-json\/wp\/v2\/product\/594","targetHints":{"allow":["GET"]}}],"collection":[{"href":"https:\/\/garinmartinez.com\/index.php\/wp-json\/wp\/v2\/product"}],"about":[{"href":"https:\/\/garinmartinez.com\/index.php\/wp-json\/wp\/v2\/types\/product"}],"wp:featuredmedia":[{"embeddable":true,"href":"https:\/\/garinmartinez.com\/index.php\/wp-json\/wp\/v2\/media\/595"}],"wp:attachment":[{"href":"https:\/\/garinmartinez.com\/index.php\/wp-json\/wp\/v2\/media?parent=594"}],"wp:term":[{"taxonomy":"product_cat","embeddable":true,"href":"https:\/\/garinmartinez.com\/index.php\/wp-json\/wp\/v2\/product_cat?post=594"},{"taxonomy":"product_tag","embeddable":true,"href":"https:\/\/garinmartinez.com\/index.php\/wp-json\/wp\/v2\/product_tag?post=594"}],"curies":[{"name":"wp","href":"https:\/\/api.w.org\/{rel}","templated":true}]}}