{"id":589,"date":"2022-10-21T23:58:53","date_gmt":"2022-10-21T23:58:53","guid":{"rendered":"https:\/\/garinmartinez.com\/?post_type=product&#038;p=589"},"modified":"2022-10-22T00:02:44","modified_gmt":"2022-10-22T00:02:44","slug":"mortero","status":"publish","type":"product","link":"https:\/\/garinmartinez.com\/index.php\/producto\/mortero\/","title":{"rendered":"Mortero"},"content":{"rendered":"<p>Dise\u00f1ado para trabajos que no requieren elevadas resistencias y producir mezclas m\u00e1s manejables y de m\u00e1xima adherencia. Se compone de cemento y arena solo debe a\u00f1adir agregado fino y agua para obtener de manera constante mezclas listas para utilizarse en junteo o pegado de blocks tabiques ladrillos piedras y mamposter\u00eda aplanados enjarres repellado resanes firmes plantillas y banquetas. El mortero Cemex \u00f3ptimo sustituye a la mezcla de cal y cemento.<\/p>\n","protected":false},"excerpt":{"rendered":"<p>Dise\u00f1ado para trabajos que no requieren elevadas resistencias.<\/p>\n","protected":false},"featured_media":591,"template":"","meta":{"om_disable_all_campaigns":false,"_monsterinsights_skip_tracking":false,"_monsterinsights_sitenote_active":false,"_monsterinsights_sitenote_note":"","_monsterinsights_sitenote_category":0},"product_cat":[44],"product_tag":[75,78],"class_list":["post-589","product","type-product","status-publish","has-post-thumbnail","hentry","product_cat-envasados","product_tag-envasados","product_tag-mortero"],"aioseo_notices":[],"_links":{"self":[{"href":"https:\/\/garinmartinez.com\/index.php\/wp-json\/wp\/v2\/product\/589","targetHints":{"allow":["GET"]}}],"collection":[{"href":"https:\/\/garinmartinez.com\/index.php\/wp-json\/wp\/v2\/product"}],"about":[{"href":"https:\/\/garinmartinez.com\/index.php\/wp-json\/wp\/v2\/types\/product"}],"wp:featuredmedia":[{"embeddable":true,"href":"https:\/\/garinmartinez.com\/index.php\/wp-json\/wp\/v2\/media\/591"}],"wp:attachment":[{"href":"https:\/\/garinmartinez.com\/index.php\/wp-json\/wp\/v2\/media?parent=589"}],"wp:term":[{"taxonomy":"product_cat","embeddable":true,"href":"https:\/\/garinmartinez.com\/index.php\/wp-json\/wp\/v2\/product_cat?post=589"},{"taxonomy":"product_tag","embeddable":true,"href":"https:\/\/garinmartinez.com\/index.php\/wp-json\/wp\/v2\/product_tag?post=589"}],"curies":[{"name":"wp","href":"https:\/\/api.w.org\/{rel}","templated":true}]}}