{"id":139,"date":"2020-07-16T09:04:44","date_gmt":"2020-07-16T09:04:44","guid":{"rendered":"https:\/\/restoration.fuelthemes.net\/?post_type=product&#038;p=139"},"modified":"2022-10-22T00:36:56","modified_gmt":"2022-10-22T00:36:56","slug":"cemento-gris-tipo-portland","status":"publish","type":"product","link":"https:\/\/garinmartinez.com\/index.php\/producto\/cemento-gris-tipo-portland\/","title":{"rendered":"Cemento Gris Tipo Portland"},"content":{"rendered":"<p>Dise\u00f1ado especialmente para reducir la aparici\u00f3n de grietas generadas por contracci\u00f3n pl\u00e1stica hasta en un 80%. Brinda a las mezclas mayor cohesi\u00f3n adherencia y trabajabilidad a\u00fan con agregados dif\u00edciles. Permite que tanto la arena la grava el cemento y el agua se mantengan unidos dentro de la masa de concreto evitando la segregaci\u00f3n y sangrado en exceso lo que facilita los procesos de preparaci\u00f3n colocaci\u00f3n y curado.<\/p>\n","protected":false},"excerpt":{"rendered":"<p>Dise\u00f1ado especialmente para reducir la aparici\u00f3n de grietas.<\/p>\n","protected":false},"featured_media":441,"template":"","meta":{"om_disable_all_campaigns":false,"_monsterinsights_skip_tracking":false,"_monsterinsights_sitenote_active":false,"_monsterinsights_sitenote_note":"","_monsterinsights_sitenote_category":0},"product_cat":[44],"product_tag":[74,75,76],"class_list":["post-139","product","type-product","status-publish","has-post-thumbnail","hentry","product_cat-envasados","product_tag-cementos","product_tag-envasados","product_tag-gris"],"aioseo_notices":[],"_links":{"self":[{"href":"https:\/\/garinmartinez.com\/index.php\/wp-json\/wp\/v2\/product\/139","targetHints":{"allow":["GET"]}}],"collection":[{"href":"https:\/\/garinmartinez.com\/index.php\/wp-json\/wp\/v2\/product"}],"about":[{"href":"https:\/\/garinmartinez.com\/index.php\/wp-json\/wp\/v2\/types\/product"}],"wp:featuredmedia":[{"embeddable":true,"href":"https:\/\/garinmartinez.com\/index.php\/wp-json\/wp\/v2\/media\/441"}],"wp:attachment":[{"href":"https:\/\/garinmartinez.com\/index.php\/wp-json\/wp\/v2\/media?parent=139"}],"wp:term":[{"taxonomy":"product_cat","embeddable":true,"href":"https:\/\/garinmartinez.com\/index.php\/wp-json\/wp\/v2\/product_cat?post=139"},{"taxonomy":"product_tag","embeddable":true,"href":"https:\/\/garinmartinez.com\/index.php\/wp-json\/wp\/v2\/product_tag?post=139"}],"curies":[{"name":"wp","href":"https:\/\/api.w.org\/{rel}","templated":true}]}}