{"id":551,"date":"2022-07-10T17:08:36","date_gmt":"2022-07-10T17:08:36","guid":{"rendered":"https:\/\/garinmartinez.com\/?page_id=551"},"modified":"2022-11-14T21:04:46","modified_gmt":"2022-11-14T21:04:46","slug":"aviso-de-privacidad","status":"publish","type":"page","link":"https:\/\/garinmartinez.com\/index.php\/aviso-de-privacidad\/","title":{"rendered":"Aviso de privacidad"},"content":{"rendered":"<p>Materiales Gar\u00edn Mart\u00ednez., con domicilio en Calle Oriente 102 No 1535, Colonia Tlazintla, Ciudad de M\u00e9xico, Alcald\u00eda Iztacalco, C.P. 08710, en M\u00e9xico, es el responsable del uso y protecci\u00f3n de sus datos personales, y al respecto le informamos lo siguiente:<\/p>\n<p>Este Aviso de Privacidad aplica a todos nuestros clientes, proveedores, visitantes, distribuidores, contratistas y personas que mantengan una relaci\u00f3n con Materiales Gar\u00edn Mart\u00ednez, as\u00ed como todos los casos en que los datos personales sean entregados de manera presencial.<\/p>\n<p><b>I. \u00bfPARA QU\u00c9 FINES UTILIZAREMOS SUS DATOS PERSONALES?<\/b><\/p>\n<p><b>Finalidades primarias<\/b><br \/>\nLos datos personales que recabamos de usted, los utilizaremos para las siguientes finalidades necesarias:<\/p>\n<p>\u2022\tDarlo de alta en nuestra base de datos;<br \/>\n\u2022\tProporcionar los productos y\/o servicios;<br \/>\n\u2022\tRealizar el cobro de los productos o servicios prestados;<br \/>\n\u2022\tCumplir con obligaciones de facturaci\u00f3n;<br \/>\n\u2022\tMantenerlo informado sobre nuestros productos y\/o servicios;<br \/>\n\u2022\tCumplir con las obligaciones y ejercer los derechos derivados de nuestra relaci\u00f3n jur\u00eddica;<br \/>\n\u2022\tRealizar tr\u00e1mites y cumplir con requerimientos legales ante autoridades;<br \/>\n\u2022\tCumplir con las leyes, reglamentos y disposiciones legales aplicables;<br \/>\n\u2022\tRealizar consultas, investigaciones, auditor\u00edas y revisiones en relaci\u00f3n a cualquier queja o reclamaci\u00f3n por los productos o servicios prestados;<br \/>\n\u2022\tPara el registro y actualizaci\u00f3n de nuestro sistema de administraci\u00f3n;<br \/>\n\u2022\tContactarlo con prop\u00f3sitos de atenci\u00f3n al cliente y para dar respuesta a las preguntas y comentarios realizados a trav\u00e9s del medio que haya indicado como v\u00eda de contacto;<br \/>\n\u2022\tAnalizar la veracidad de la informaci\u00f3n que nos proporciona, a fin de estar en posibilidad de perfeccionar la relaci\u00f3n jur\u00eddica, y en su caso, celebrar el contrato o emitir la orden correspondiente;<br \/>\n\u2022\tVerificar que el proveedor puede cumplir con el producto y\/o servicio requerido, as\u00ed como que cuente con la capacidad de generar la factura electr\u00f3nica de acuerdo a los est\u00e1ndares que la ley marca;<br \/>\n\u2022\tDar cumplimiento a las obligaciones contractuales adquiridas con el proveedor;<br \/>\n\u2022\tAdecuada administraci\u00f3n del l\u00edmite de cr\u00e9dito que nos otorga el proveedor;<br \/>\n\u2022\tRealizar cargos o pagos correspondientes al proveedor por el servicio o producto requerido;<br \/>\n\u2022\tPara controlar los registros de entradas y salidas de nuestras instalaciones;<br \/>\n\u2022\tPara el uso, acceso y mantenimiento t\u00e9cnico de la p\u00e1gina web;<br \/>\n\u2022\tRegistro y actualizaci\u00f3n del sistema de administraci\u00f3n;<br \/>\n\u2022\tPara difundir cierta informaci\u00f3n comercial de distribuidores de nuestros productos con el fin de que los consumidores de los productos puedan localizar al distribuidor m\u00e1s cercano o de su preferencia.<\/p>\n<p><b>Finalidades secundarias<\/b><br \/>\nDe manera adicional, podremos utilizar su informaci\u00f3n personal para las siguientes finalidades secundarias que no son necesarias para mantener la relaci\u00f3n jur\u00eddica, pero que nos permiten y facilitan brindarle una mejor atenci\u00f3n:<\/p>\n<p>\u2022\tPara fines de comunicaci\u00f3n, promoci\u00f3n y difusi\u00f3n de productos y\/o servicios, mediante el env\u00edo de publicidad;<br \/>\n\u2022\tGestionar su acceso a nuestra p\u00e1gina web y aplicaciones;<br \/>\n\u2022\tProporcionar informaci\u00f3n sobre nuestros distribuidores;<br \/>\n\u2022\tMejorar nuestra comunicaci\u00f3n y relaci\u00f3n con los clientes.<\/p>\n<p>En caso de que no desee que sus datos personales se utilicen para los fines secundarios enlistados anteriormente, ponemos a su disposici\u00f3n el correo electr\u00f3nico contacto@garinmartinez.com para que manifieste su negativa al uso de sus datos personales para dichas finalidades.<\/p>\n<p>La negativa para el uso de sus datos personales para estas finalidades no ser\u00e1 un motivo para que le neguemos los servicios y productos que solicita o contrata con nosotros.<\/p>\n<p><b>II. \u00bfQU\u00c9 DATOS PERSONALES UTILIZAREMOS PARA ESTOS FINES?<\/b><\/p>\n<p>Para llevar a cabo las finalidades descritas en el presente Aviso de Privacidad, utilizaremos los siguientes datos personales:<\/p>\n<p>Nombre completo, edad, sexo, fecha y lugar de nacimiento, nacionalidad, domicilio particular, domicilio fiscal, n\u00famero tel\u00e9fono fijo de casa y\/o oficina, n\u00famero de tel\u00e9fono celular, correo electr\u00f3nico personal y\/o laboral, estado civil, Registro Federal de Contribuyentes, comprobante de domicilio, historial crediticio, comportamiento de consumo, datos bancarios (No. de tarjeta de cr\u00e9dito o d\u00e9bito, y\/o estado de cuenta), identificaci\u00f3n oficial (INE, pasaporte o FM2), huella biom\u00e9trica, CURP.<\/p>\n<p>Podremos recabar sus datos personales ya sea de manera personal; a trav\u00e9s de las diferentes secciones dentro de la p\u00e1gina web www.garinmartinez.com, a trav\u00e9s de las diferentes secciones dentro de la p\u00e1gina web, tales como \u201cBolet\u00edn de Noticias\u201d; v\u00eda electr\u00f3nica (e-mail, formatos, encuestas en l\u00ednea, etc\u00e9tera.); y telef\u00f3nicamente, as\u00ed como a trav\u00e9s de otras fuentes permitidas por la ley.<\/p>\n<p><b>Destinatario de los datos personales<\/b><br \/>\nPotenciales compradores<br \/>\n<b>Finalidad<\/b><br \/>\nPara llevar a cabo auditorias legales, celebrar negocios por parte del responsable, analizar una posible colaboraci\u00f3n con el tercero.<\/p>\n<p><b>Destinatario de los datos personales<\/b><br \/>\nSociedades y asociaciones con las que celebren convenios de colaboraci\u00f3n.<br \/>\n<b>Finalidad<\/b><br \/>\nRecibir los beneficios que resulten de los convenios de colaboraci\u00f3n.<\/p>\n<p><b>Destinatario de los datos personales<\/b><br \/>\nAutoridades gubernamentales<br \/>\n<b>Finalidad<\/b><br \/>\nCumplir con obligaciones legales.<\/p>\n<p><b>Destinatario de los datos personales<\/b><br \/>\nAgencias de viaje<br \/>\n<b>Finalidad<\/b><br \/>\nPara la gesti\u00f3n de eventos en el extranjero, en beneficio de clientes y proveedores.<\/p>\n<p><b>Destinatario de los datos personales<\/b><br \/>\nAfiliadas, subsidiarias y partes relacionadas<br \/>\n<b>Finalidad<\/b><br \/>\nEl responsable podr\u00e1 transferir sus datos personales a su matriz, afiliadas y sociedades relacionadas u otras sociedades bajo control com\u00fan, con la finalidad, entre otras, de administrar el servicio de red interno.<\/p>\n<p><b>Destinatario de los datos personales<\/b><br \/>\nProveedores del responsable<br \/>\n<b>Finalidad<\/b><br \/>\nPara verificar la capacidad crediticia y la capacidad del titular de los datos para dar cumplimiento a las obligaciones contractuales adquiridas por el titular de los datos con el responsable.<\/p>\n<p><b>III. \u00bfCON QUI\u00c9N COMPARTIMOS SU INFORMACI\u00d3N PERSONAL Y PARA QU\u00c9 FINES?<\/b><\/p>\n<p>Le informamos que el responsable podr\u00e1 transferir sus datos personales dentro de M\u00e9xico o fuera del pa\u00eds, con las siguientes finalidades:<\/p>\n<p>En caso de que no desee que sus datos personales sean transferidos en t\u00e9rminos de lo anterior, usted puede manifestarlo desde el momento en que nos proporcione sus datos personales o, en cualquier momento posterior, siguiendo los procedimientos descritos en las secciones IV, V y VI del presente Aviso de Privacidad.<\/p>\n<p>Adicionalmente, le informamos que, para cumplir con las finalidades mencionadas en el presente Aviso de Privacidad, el responsable podr\u00e1 transferir sus datos personales sin su consentimiento en los siguientes supuestos que establece el art\u00edculo 37 de la Ley Federal de Protecci\u00f3n de Datos Personales en Posesi\u00f3n de los Particulares (en adelante la \u201cLey de Datos\u201d):<\/p>\n<p>i.\tCuando la transferencia est\u00e9 prevista en una ley o tratado en los que M\u00e9xico sea parte.<br \/>\nii.\tCuando la transferencia sea necesaria para la prevenci\u00f3n o el diagn\u00f3stico m\u00e9dico, la prestaci\u00f3n de asistencia sanitaria, tratamiento m\u00e9dico o la gesti\u00f3n de servicios sanitarios.<br \/>\niii.\tCuando la transferencia sea efectuada a sociedades controladoras, subsidiarias o afiliadas del responsable, o a una sociedad matriz o a cualquier sociedad del mismo grupo del responsable que opere bajo los mismos procesos y pol\u00edticas internas.<br \/>\niv.\tCuando la transferencia sea necesaria por virtud de un contrato celebrado o por celebrar en inter\u00e9s del titular, por el responsable y un tercero.<br \/>\nv.\tCuando la transferencia sea necesaria o legalmente exigida para la salvaguarda de un inter\u00e9s p\u00fablico, o para la procuraci\u00f3n o administraci\u00f3n de justicia.<br \/>\nvi.\tCuando la transferencia sea precisa para el reconocimiento, ejercicio o defensa de un derecho en un proceso judicial.<br \/>\nvii.\tCuando la transferencia sea precisa para el mantenimiento o cumplimiento de la relaci\u00f3n jur\u00eddica entre el responsable y usted.<\/p>\n<p>Asimismo, le informamos que el responsable podr\u00e1 remitir sus datos personales a terceros proveedores de servicios necesarios para el cumplimiento de las obligaciones legales, contables, regulatorias o contractuales a cargo del responsable o de la sociedad matriz o sus afiliadas, as\u00ed como a terceros que le presten servicios relacionados con tecnolog\u00edas de la informaci\u00f3n, operaci\u00f3n y administraci\u00f3n.<\/p>\n<p>En dichos supuestos, le informamos que, el responsable pone a disposici\u00f3n de dichos terceros el presente Aviso de Privacidad sea respetado en todo momento y se adopten las medidas necesarias para que las personas que tengan acceso a sus datos personales cumplan con el mismo, as\u00ed como con los principios de protecci\u00f3n de datos personales establecidos en la Ley de Datos.<\/p>\n<p>Salvo en los casos de excepci\u00f3n previstos en la Ley de Datos, el responsable no transferir\u00e1 sus datos personales a terceros a menos de que usted haya consentido dicha transferencia previamente.<\/p>\n<p><b>IV. \u00bfC\u00d3MO PUEDE ACCEDER, RECTIFICAR O CANCELAR SUS DATOS PERSONALES, U OPONERSE A SU USO?<\/b><\/p>\n<p>Usted tiene derecho a conocer qu\u00e9 datos personales tenemos de usted, para qu\u00e9 los utilizamos y las condiciones del uso que les damos (Acceso). Asimismo, es su derecho solicitar la correcci\u00f3n de su informaci\u00f3n personal en caso de que est\u00e9 desactualizada, sea inexacta o incompleta (Rectificaci\u00f3n); que la eliminemos de nuestros registros o bases de datos cuando considere que la misma no est\u00e1 siendo utilizada adecuadamente (Cancelaci\u00f3n); as\u00ed como oponerse al uso de sus datos personales para fines espec\u00edficos (Oposici\u00f3n). Estos derechos se conocen como derechos ARCO.<\/p>\n<p>Para el ejercicio de cualquiera de los derechos ARCO, usted deber\u00e1 presentar la solicitud respectiva a trav\u00e9s del siguiente medio:<\/p>\n<p>Si usted desea acceder, rectificar, cancelar u oponerse al tratamiento de los datos personales, o bien obtener mayor informaci\u00f3n sobre la protecci\u00f3n de sus datos personales, p\u00f3ngase en contacto al correo electr\u00f3nico contacto@garinmartinez.com, especificando su nombre, direcci\u00f3n de correo electr\u00f3nico, tel\u00e9fono y su petici\u00f3n. Gar\u00edn Mart\u00ednez acusar\u00e1 recibo de su solicitud el mismo d\u00eda que haya sido recibida. La petici\u00f3n ser\u00e1 analizada con apego a la Ley y se le dar\u00e1 la respuesta correspondiente a m\u00e1s tardar 20 d\u00edas h\u00e1biles posteriores al d\u00eda en que la misma haya sido recibida, a la direcci\u00f3n de correo electr\u00f3nico utilizada para llevar a cabo la solicitud o proporcionada para estos fines.<\/p>\n<p>A su solicitud deber\u00e1 acompa\u00f1ar:<\/p>\n<p>i.\tSu nombre y correo electr\u00f3nico.<br \/>\nii.\tLa raz\u00f3n social del Responsable de sus datos personales.<br \/>\niii.\tUna copia de los documentos que acrediten su identidad (por ejemplo, copia de su credencial de elector, pasaporte o cualquier otra identificaci\u00f3n oficial) o, en su caso, su representaci\u00f3n legal.<br \/>\niv.\tUna descripci\u00f3n clara y precisa de los datos personales respecto de los cuales busca ejercer alguno de los Derechos ARCO.<br \/>\nV.\tCualquier documento o informaci\u00f3n que facilite la localizaci\u00f3n de sus datos personales, y<br \/>\nvi.\tEn caso de solicitar la rectificaci\u00f3n de sus datos personales, deber\u00e1 de indicar tambi\u00e9n, las modificaciones a realizarse y aportar la documentaci\u00f3n que sustente su petici\u00f3n.<br \/>\nEn caso de que su solicitud se conteste de manera afirmativa o procedente, los cambios solicitados se har\u00e1n en un plazo m\u00e1ximo de 15 d\u00edas h\u00e1biles. En caso de que usted solicite el acceso a sus datos personales, el Responsable le informar\u00e1 mediante el correo electr\u00f3nico en el que comuniquemos nuestra respuesta a su solicitud, el medio por el cual se le dar\u00e1 acceso a sus datos personales en caso de ser procedente. El Responsable podr\u00e1 ampliar los plazos referidos en este p\u00e1rrafo, por una sola vez, por un periodo igual al original, lo cual le ser\u00e1 comunicado.<\/p>\n<p>El Responsable podr\u00e1 negar el ejercicio de sus Derechos ARCO en los supuestos que lo permita la Ley. El motivo de tal decisi\u00f3n le ser\u00e1 comunicado de manera fundada y motivada. Nuestra negativa podr\u00e1 ser parcial, en cuyo caso el Responsable efectuar\u00e1 el acceso, rectificaci\u00f3n, cancelaci\u00f3n u oposici\u00f3n en la parte procedente.<\/p>\n<p><b>V.USTED PUEDE REVOCAR SU CONSENTIMIENTO PARA EL USO DE SUS DATOS PERSONALES<\/b><\/p>\n<p>En caso de que usted desee revocar el consentimiento para el tratamiento de sus datos personales, deber\u00e1 presentar la solicitud correspondiente a Gar\u00edn Mart\u00ednez, enviando un correo electr\u00f3nico a contacto@garinmartinez.com.<\/p>\n<p>Le informamos que no en todos los casos podremos atender su solicitud o concluir el tratamiento de sus datos personales de forma inmediata, ya que es posible que por alguna obligaci\u00f3n legal requiramos seguir tratando sus datos personales. Tome en cuenta que revocar su consentimiento para el tratamiento de sus datos personales podr\u00e1 tener como consecuencia la imposibilidad de continuar con nuestra relaci\u00f3n jur\u00eddica.<\/p>\n<p><b>VI. \u00bfC\u00d3MO PUEDE LIMITAR EK USO O DIVULGACI\u00d3N DE SU INFORMACI\u00d3N PERSONAL?<\/b><\/p>\n<p>Usted podr\u00e1 limitar el uso o divulgaci\u00f3n de sus datos personales para evitar que sean utilizados o divulgados para finalidades no necesarias para la relaci\u00f3n jur\u00eddica entre usted y el Responsable.<br \/>\nSi desea limitar el uso o divulgaci\u00f3n de sus datos personales, deber\u00e1 presentar su solicitud a Gar\u00edn Mart\u00ednez al correo electr\u00f3nico contacto@garinmartinez.com,, a efecto de que se le inscriba en el listado de exclusi\u00f3n correspondiente.<\/p>\n<p><b>VII. EL USO DE TECNOLOG\u00cdAS DE RASTREO EN NUESTRO PORTAL DE INTERNET<\/b><\/p>\n<p>La p\u00e1gina web, recopila informaci\u00f3n del titular de datos personales como usuario de la misma, a trav\u00e9s cookies, mismas que son instaladas y almacenadas en su computadora, dispositivo electr\u00f3nico y\/o navegador y se almacenan en el disco duro de su equipo y son utilizan para determinar sus preferencias cuando se conecta a las funciones y servicios de nuestros sitio web, as\u00ed como para rastrear determinados comportamientos o actividades llevadas a cabo por usted dentro de p\u00e1gina web.<\/p>\n<p>En algunas secciones de nuestro sitio requerimos que el cliente tenga habilitados los cookies, ya que algunas de las funcionalidades requieren de \u00e9stas para trabajar. Los cookies nos permiten: a) reconocerlo al momento de entrar a nuestros sitios y ofrecerle una experiencia personalizada; b) conocer la configuraci\u00f3n personal del sitio especificada por usted, as\u00ed como detectar el ancho de banda que usted ha seleccionado al momento de ingresar a p\u00e1gina web, de tal forma que sabemos qu\u00e9 tipo de informaci\u00f3n es aconsejable descargar;<\/p>\n<p>c) calcular el tama\u00f1o de nuestra audiencia y medir algunos par\u00e1metros de tr\u00e1fico, pues cada navegador que obtiene acceso a nuestros sitios adquiere un cookies que se usa para determinar la frecuencia de uso y las secciones de p\u00e1gina web visitados, reflejando de esta manera sus h\u00e1bitos y preferencias, informaci\u00f3n que nos resulta \u00fatil para mejorar el contenido, los titulares y las promociones para los usuarios. Los cookies tambi\u00e9n nos ayudan a rastrear algunas actividades, por ejemplo, en algunas de las encuestas que lanzamos en l\u00ednea, podemos utilizar cookies para detectar si el usuario ya ha llenado la encuesta y evitar desplegarla nuevamente, en caso de que lo haya hecho. Sin embargo, las cookies le permitir\u00e1n tomar ventaja de las caracter\u00edsticas m\u00e1s ben\u00e9ficas que le ofrecemos, por lo que le recomendamos que de preferencia las deje activadas.<\/p>\n<p>La utilizaci\u00f3n de cookies no ser\u00e1 utilizada para identificar a los usuarios, con excepci\u00f3n de los casos en que se investiguen posibles actividades fraudulentas, ilegales y\/o delictivas.<\/p>\n<p>Para eliminar los &#8220;Cookies&#8221; usted puede, desde el portal de Internet Explorer: 1) Ir a \u201cHerramientas \u2013 Opciones de Internet\u201d, 2) Ir a Historial de Exploraci\u00f3n y seleccionar \u201cEliminar el historial de exploraci\u00f3n al salir\u201d, 3) Seleccionar \u201ccookies y datos del sitio web\u201d y hacer clic en eliminar, 4) Dar en Aceptar para cerrar ventana de opciones de internet.<\/p>\n<p><b>VIII. \u00bfC\u00d3MO PUEDE CONOCER LOS CAMBIOS EN ESTE AVISO DE PRIVACIDAD?<\/b><\/p>\n<p>El presente Aviso de Privacidad puede sufrir modificaciones, cambios o actualizaciones derivadas de nuevos requerimientos legales; de nuestras propias necesidades por los productos o servicios que ofrecemos; de nuestras pr\u00e1cticas de privacidad; de cambios en nuestro modelo de negocio, o por otras causas.<br \/>\nNos comprometemos a mantenerlo informado sobre los cambios que pueda sufrir el presente Aviso de Privacidad, a trav\u00e9s del sitio de Internet: www.garinmartinez.com  y\/o enviando la notificaci\u00f3n correspondiente al correo electr\u00f3nico que nos haya proporcionado.<\/p>\n<p><b>IX. CONSENTIMIENTO<\/b><\/p>\n<p>Si usted no se opone de manera expresa al presente aviso y sus actualizaciones, se da por entendido que ha otorgado su consentimiento t\u00e1cito en t\u00e9rminos del art\u00edculo 8 de la Ley de Datos. Le sugerimos la lectura del presente Aviso de Privacidad, ya que al aportar sus datos por cualquier medio, constituye la aceptaci\u00f3n del presente Aviso de Privacidad. Si usted no est\u00e1 de acuerdo, no deber\u00e1 proporcionar ninguna informaci\u00f3n personal y abstenerse de ingresar, utilizar, navegar y\/o utilizar las funciones y servicios de la p\u00e1gina web www.garinmartinez.com.<\/p>\n<p>Este Aviso de Privacidad estar\u00e1 regido y ser\u00e1 interpretado de conformidad con las leyes de M\u00e9xico.<\/p>\n<p><b><b><\/b><\/b><\/p>\n","protected":false},"excerpt":{"rendered":"<p>Materiales Gar\u00edn Mart\u00ednez., con domicilio en Calle Oriente 102 No 1535, Colonia Tlazintla, Ciudad de M\u00e9xico, Alcald\u00eda Iztacalco, C.P. 08710, en M\u00e9xico, es el responsable del uso y protecci\u00f3n de sus datos personales, y al respecto le informamos lo siguiente: Este Aviso de Privacidad aplica a todos nuestros clientes, proveedores, visitantes, distribuidores, contratistas y personas&hellip;<\/p>\n","protected":false},"author":1,"featured_media":0,"parent":0,"menu_order":0,"comment_status":"closed","ping_status":"closed","template":"template-pagetitle.php","meta":{"om_disable_all_campaigns":false,"_monsterinsights_skip_tracking":false,"_monsterinsights_sitenote_active":false,"_monsterinsights_sitenote_note":"","_monsterinsights_sitenote_category":0,"footnotes":""},"class_list":["post-551","page","type-page","status-publish","hentry"],"aioseo_notices":[],"_links":{"self":[{"href":"https:\/\/garinmartinez.com\/index.php\/wp-json\/wp\/v2\/pages\/551","targetHints":{"allow":["GET"]}}],"collection":[{"href":"https:\/\/garinmartinez.com\/index.php\/wp-json\/wp\/v2\/pages"}],"about":[{"href":"https:\/\/garinmartinez.com\/index.php\/wp-json\/wp\/v2\/types\/page"}],"author":[{"embeddable":true,"href":"https:\/\/garinmartinez.com\/index.php\/wp-json\/wp\/v2\/users\/1"}],"replies":[{"embeddable":true,"href":"https:\/\/garinmartinez.com\/index.php\/wp-json\/wp\/v2\/comments?post=551"}],"version-history":[{"count":11,"href":"https:\/\/garinmartinez.com\/index.php\/wp-json\/wp\/v2\/pages\/551\/revisions"}],"predecessor-version":[{"id":702,"href":"https:\/\/garinmartinez.com\/index.php\/wp-json\/wp\/v2\/pages\/551\/revisions\/702"}],"wp:attachment":[{"href":"https:\/\/garinmartinez.com\/index.php\/wp-json\/wp\/v2\/media?parent=551"}],"curies":[{"name":"wp","href":"https:\/\/api.w.org\/{rel}","templated":true}]}}